{"id":37484,"date":"2025-04-18T17:19:06","date_gmt":"2025-04-18T15:19:06","guid":{"rendered":"https:\/\/remora-watches.ch\/?page_id=37484"},"modified":"2025-11-04T15:01:34","modified_gmt":"2025-11-04T14:01:34","slug":"aventura","status":"publish","type":"page","link":"https:\/\/remora-watches.ch\/en\/aventura\/","title":{"rendered":"aventura"},"content":{"rendered":"<div data-elementor-type=\"wp-page\" data-elementor-id=\"37484\" class=\"elementor elementor-37484\" data-elementor-post-type=\"page\">\n\t\t\t\t\t\t<section class=\"elementor-section elementor-top-section elementor-element elementor-element-646bce4f elementor-section-boxed elementor-section-height-default elementor-section-height-default\" data-id=\"646bce4f\" data-element_type=\"section\">\n\t\t\t\t\t\t<div class=\"elementor-container elementor-column-gap-default\">\n\t\t\t\t\t<div class=\"elementor-column elementor-col-100 elementor-top-column elementor-element elementor-element-63d212dd\" data-id=\"63d212dd\" data-element_type=\"column\">\n\t\t\t<div class=\"elementor-widget-wrap elementor-element-populated\">\n\t\t\t\t\t\t<div class=\"elementor-element elementor-element-56dc07ae elementor-widget elementor-widget-spacer\" data-id=\"56dc07ae\" data-element_type=\"widget\" data-widget_type=\"spacer.default\">\n\t\t\t\t<div class=\"elementor-widget-container\">\n\t\t\t\t\t\t\t<div class=\"elementor-spacer\">\n\t\t\t<div class=\"elementor-spacer-inner\"><\/div>\n\t\t<\/div>\n\t\t\t\t\t\t<\/div>\n\t\t\t\t<\/div>\n\t\t\t\t\t<\/div>\n\t\t<\/div>\n\t\t\t\t\t<\/div>\n\t\t<\/section>\n\t\t\t\t<section class=\"elementor-section elementor-top-section elementor-element elementor-element-20f37cbf elementor-section-boxed elementor-section-height-default elementor-section-height-default\" data-id=\"20f37cbf\" data-element_type=\"section\">\n\t\t\t\t\t\t<div class=\"elementor-container elementor-column-gap-custom\">\n\t\t\t\t\t<div class=\"elementor-column elementor-col-25 elementor-top-column elementor-element elementor-element-2bbecb91\" data-id=\"2bbecb91\" data-element_type=\"column\" data-settings=\"{&quot;background_background&quot;:&quot;classic&quot;}\">\n\t\t\t<div class=\"elementor-widget-wrap elementor-element-populated\">\n\t\t\t\t\t\t<div class=\"elementor-element elementor-element-3fdd538d e-transform animated-fast elementor-invisible elementor-widget elementor-widget-image\" data-id=\"3fdd538d\" data-element_type=\"widget\" data-settings=\"{&quot;_transform_scale_effect_hover&quot;:{&quot;unit&quot;:&quot;px&quot;,&quot;size&quot;:1.05,&quot;sizes&quot;:[]},&quot;_animation&quot;:&quot;zoomIn&quot;,&quot;_transform_scale_effect_hover_tablet&quot;:{&quot;unit&quot;:&quot;px&quot;,&quot;size&quot;:&quot;&quot;,&quot;sizes&quot;:[]},&quot;_transform_scale_effect_hover_mobile&quot;:{&quot;unit&quot;:&quot;px&quot;,&quot;size&quot;:&quot;&quot;,&quot;sizes&quot;:[]}}\" data-widget_type=\"image.default\">\n\t\t\t\t<div class=\"elementor-widget-container\">\n\t\t\t\t\t\t\t\t\t\t\t\t\t\t\t<img fetchpriority=\"high\" decoding=\"async\" width=\"900\" height=\"1300\" src=\"https:\/\/i0.wp.com\/remora-watches.ch\/wp-content\/uploads\/2025\/04\/aventura-01-6.png?fit=900%2C1300&amp;ssl=1\" class=\"attachment-full size-full wp-image-37615\" alt=\"\" srcset=\"https:\/\/i0.wp.com\/remora-watches.ch\/wp-content\/uploads\/2025\/04\/aventura-01-6.png?w=900&amp;ssl=1 900w, https:\/\/i0.wp.com\/remora-watches.ch\/wp-content\/uploads\/2025\/04\/aventura-01-6.png?resize=208%2C300&amp;ssl=1 208w, https:\/\/i0.wp.com\/remora-watches.ch\/wp-content\/uploads\/2025\/04\/aventura-01-6.png?resize=709%2C1024&amp;ssl=1 709w, https:\/\/i0.wp.com\/remora-watches.ch\/wp-content\/uploads\/2025\/04\/aventura-01-6.png?resize=768%2C1109&amp;ssl=1 768w, https:\/\/i0.wp.com\/remora-watches.ch\/wp-content\/uploads\/2025\/04\/aventura-01-6.png?resize=8%2C12&amp;ssl=1 8w, https:\/\/i0.wp.com\/remora-watches.ch\/wp-content\/uploads\/2025\/04\/aventura-01-6.png?resize=300%2C433&amp;ssl=1 300w\" sizes=\"(max-width: 800px) 100vw, 800px\" \/>\t\t\t\t\t\t\t\t\t\t\t\t\t\t\t<\/div>\n\t\t\t\t<\/div>\n\t\t\t\t<div class=\"elementor-element elementor-element-6dd07d98 elementor-widget elementor-widget-text-editor\" data-id=\"6dd07d98\" data-element_type=\"widget\" data-widget_type=\"text-editor.default\">\n\t\t\t\t<div class=\"elementor-widget-container\">\n\t\t\t\t\t\t\t\t\t<h4>Aventura 01<\/h4><h5>Automatic<\/h5>\t\t\t\t\t\t\t\t<\/div>\n\t\t\t\t<\/div>\n\t\t\t\t<div class=\"elementor-element elementor-element-145a728e elementor-align-center animated-fast elementor-invisible elementor-widget elementor-widget-button\" data-id=\"145a728e\" data-element_type=\"widget\" data-settings=\"{&quot;_animation&quot;:&quot;zoomIn&quot;}\" data-widget_type=\"button.default\">\n\t\t\t\t<div class=\"elementor-widget-container\">\n\t\t\t\t\t\t\t\t\t<div class=\"elementor-button-wrapper\">\n\t\t\t\t\t<a class=\"elementor-button elementor-size-sm\" role=\"button\">\n\t\t\t\t\t\t<span class=\"elementor-button-content-wrapper\">\n\t\t\t\t\t\t\t\t\t<span class=\"elementor-button-text\">SOLD OUT<\/span>\n\t\t\t\t\t<\/span>\n\t\t\t\t\t<\/a>\n\t\t\t\t<\/div>\n\t\t\t\t\t\t\t\t<\/div>\n\t\t\t\t<\/div>\n\t\t\t\t\t<\/div>\n\t\t<\/div>\n\t\t\t\t<div class=\"elementor-column elementor-col-25 elementor-top-column elementor-element elementor-element-2e58d7bc\" data-id=\"2e58d7bc\" data-element_type=\"column\">\n\t\t\t<div class=\"elementor-widget-wrap elementor-element-populated\">\n\t\t\t\t\t\t<div class=\"elementor-element elementor-element-4f6a27a2 e-transform animated-fast elementor-invisible elementor-widget elementor-widget-image\" data-id=\"4f6a27a2\" data-element_type=\"widget\" data-settings=\"{&quot;_transform_scale_effect_hover&quot;:{&quot;unit&quot;:&quot;px&quot;,&quot;size&quot;:1.05,&quot;sizes&quot;:[]},&quot;_animation&quot;:&quot;zoomIn&quot;,&quot;_transform_scale_effect_hover_tablet&quot;:{&quot;unit&quot;:&quot;px&quot;,&quot;size&quot;:&quot;&quot;,&quot;sizes&quot;:[]},&quot;_transform_scale_effect_hover_mobile&quot;:{&quot;unit&quot;:&quot;px&quot;,&quot;size&quot;:&quot;&quot;,&quot;sizes&quot;:[]}}\" data-widget_type=\"image.default\">\n\t\t\t\t<div class=\"elementor-widget-container\">\n\t\t\t\t\t\t\t\t\t\t\t\t\t\t\t<img decoding=\"async\" width=\"900\" height=\"1300\" src=\"https:\/\/i0.wp.com\/remora-watches.ch\/wp-content\/uploads\/2025\/04\/aventura-02-3.png?fit=900%2C1300&amp;ssl=1\" class=\"attachment-full size-full wp-image-37626\" alt=\"\" srcset=\"https:\/\/i0.wp.com\/remora-watches.ch\/wp-content\/uploads\/2025\/04\/aventura-02-3.png?w=900&amp;ssl=1 900w, https:\/\/i0.wp.com\/remora-watches.ch\/wp-content\/uploads\/2025\/04\/aventura-02-3.png?resize=208%2C300&amp;ssl=1 208w, https:\/\/i0.wp.com\/remora-watches.ch\/wp-content\/uploads\/2025\/04\/aventura-02-3.png?resize=709%2C1024&amp;ssl=1 709w, https:\/\/i0.wp.com\/remora-watches.ch\/wp-content\/uploads\/2025\/04\/aventura-02-3.png?resize=768%2C1109&amp;ssl=1 768w, https:\/\/i0.wp.com\/remora-watches.ch\/wp-content\/uploads\/2025\/04\/aventura-02-3.png?resize=8%2C12&amp;ssl=1 8w, https:\/\/i0.wp.com\/remora-watches.ch\/wp-content\/uploads\/2025\/04\/aventura-02-3.png?resize=300%2C433&amp;ssl=1 300w\" sizes=\"(max-width: 800px) 100vw, 800px\" \/>\t\t\t\t\t\t\t\t\t\t\t\t\t\t\t<\/div>\n\t\t\t\t<\/div>\n\t\t\t\t<div class=\"elementor-element elementor-element-13de1e95 elementor-widget elementor-widget-text-editor\" data-id=\"13de1e95\" data-element_type=\"widget\" data-widget_type=\"text-editor.default\">\n\t\t\t\t<div class=\"elementor-widget-container\">\n\t\t\t\t\t\t\t\t\t<h4>Aventura 02<\/h4><h5>Automatic<\/h5>\t\t\t\t\t\t\t\t<\/div>\n\t\t\t\t<\/div>\n\t\t\t\t<div class=\"elementor-element elementor-element-61bf631f elementor-align-center animated-fast elementor-invisible elementor-widget elementor-widget-button\" data-id=\"61bf631f\" data-element_type=\"widget\" data-settings=\"{&quot;_animation&quot;:&quot;zoomIn&quot;}\" data-widget_type=\"button.default\">\n\t\t\t\t<div class=\"elementor-widget-container\">\n\t\t\t\t\t\t\t\t\t<div class=\"elementor-button-wrapper\">\n\t\t\t\t\t<a class=\"elementor-button elementor-size-sm\" role=\"button\">\n\t\t\t\t\t\t<span class=\"elementor-button-content-wrapper\">\n\t\t\t\t\t\t\t\t\t<span class=\"elementor-button-text\">SOLD OUT<\/span>\n\t\t\t\t\t<\/span>\n\t\t\t\t\t<\/a>\n\t\t\t\t<\/div>\n\t\t\t\t\t\t\t\t<\/div>\n\t\t\t\t<\/div>\n\t\t\t\t\t<\/div>\n\t\t<\/div>\n\t\t\t\t<div class=\"elementor-column elementor-col-25 elementor-top-column elementor-element elementor-element-505cbf1d\" data-id=\"505cbf1d\" data-element_type=\"column\">\n\t\t\t<div class=\"elementor-widget-wrap elementor-element-populated\">\n\t\t\t\t\t\t<div class=\"elementor-element elementor-element-68082ba1 e-transform animated-fast elementor-invisible elementor-widget elementor-widget-image\" data-id=\"68082ba1\" data-element_type=\"widget\" data-settings=\"{&quot;_transform_scale_effect_hover&quot;:{&quot;unit&quot;:&quot;px&quot;,&quot;size&quot;:1.05,&quot;sizes&quot;:[]},&quot;_animation&quot;:&quot;zoomIn&quot;,&quot;_transform_scale_effect_hover_tablet&quot;:{&quot;unit&quot;:&quot;px&quot;,&quot;size&quot;:&quot;&quot;,&quot;sizes&quot;:[]},&quot;_transform_scale_effect_hover_mobile&quot;:{&quot;unit&quot;:&quot;px&quot;,&quot;size&quot;:&quot;&quot;,&quot;sizes&quot;:[]}}\" data-widget_type=\"image.default\">\n\t\t\t\t<div class=\"elementor-widget-container\">\n\t\t\t\t\t\t\t\t\t\t\t\t\t\t\t<img decoding=\"async\" width=\"900\" height=\"1300\" src=\"https:\/\/i0.wp.com\/remora-watches.ch\/wp-content\/uploads\/2025\/04\/aventura-03-8.png?fit=900%2C1300&amp;ssl=1\" class=\"attachment-full size-full wp-image-37607\" alt=\"\" srcset=\"https:\/\/i0.wp.com\/remora-watches.ch\/wp-content\/uploads\/2025\/04\/aventura-03-8.png?w=900&amp;ssl=1 900w, https:\/\/i0.wp.com\/remora-watches.ch\/wp-content\/uploads\/2025\/04\/aventura-03-8.png?resize=208%2C300&amp;ssl=1 208w, https:\/\/i0.wp.com\/remora-watches.ch\/wp-content\/uploads\/2025\/04\/aventura-03-8.png?resize=709%2C1024&amp;ssl=1 709w, https:\/\/i0.wp.com\/remora-watches.ch\/wp-content\/uploads\/2025\/04\/aventura-03-8.png?resize=768%2C1109&amp;ssl=1 768w, https:\/\/i0.wp.com\/remora-watches.ch\/wp-content\/uploads\/2025\/04\/aventura-03-8.png?resize=8%2C12&amp;ssl=1 8w, https:\/\/i0.wp.com\/remora-watches.ch\/wp-content\/uploads\/2025\/04\/aventura-03-8.png?resize=300%2C433&amp;ssl=1 300w\" sizes=\"(max-width: 800px) 100vw, 800px\" \/>\t\t\t\t\t\t\t\t\t\t\t\t\t\t\t<\/div>\n\t\t\t\t<\/div>\n\t\t\t\t<div class=\"elementor-element elementor-element-536b5db elementor-widget elementor-widget-text-editor\" data-id=\"536b5db\" data-element_type=\"widget\" data-widget_type=\"text-editor.default\">\n\t\t\t\t<div class=\"elementor-widget-container\">\n\t\t\t\t\t\t\t\t\t<h4>Aventura 03<\/h4><h5>Automatic<\/h5>\t\t\t\t\t\t\t\t<\/div>\n\t\t\t\t<\/div>\n\t\t\t\t<div class=\"elementor-element elementor-element-394b6801 elementor-align-center animated-fast elementor-invisible elementor-widget elementor-widget-button\" data-id=\"394b6801\" data-element_type=\"widget\" data-settings=\"{&quot;_animation&quot;:&quot;zoomIn&quot;}\" data-widget_type=\"button.default\">\n\t\t\t\t<div class=\"elementor-widget-container\">\n\t\t\t\t\t\t\t\t\t<div class=\"elementor-button-wrapper\">\n\t\t\t\t\t<a class=\"elementor-button elementor-size-sm\" role=\"button\">\n\t\t\t\t\t\t<span class=\"elementor-button-content-wrapper\">\n\t\t\t\t\t\t\t\t\t<span class=\"elementor-button-text\">SOLD OUT<\/span>\n\t\t\t\t\t<\/span>\n\t\t\t\t\t<\/a>\n\t\t\t\t<\/div>\n\t\t\t\t\t\t\t\t<\/div>\n\t\t\t\t<\/div>\n\t\t\t\t\t<\/div>\n\t\t<\/div>\n\t\t\t\t<div class=\"elementor-column elementor-col-25 elementor-top-column elementor-element elementor-element-7c739459\" data-id=\"7c739459\" data-element_type=\"column\">\n\t\t\t<div class=\"elementor-widget-wrap elementor-element-populated\">\n\t\t\t\t\t\t<div class=\"elementor-element elementor-element-24736684 e-transform animated-fast elementor-invisible elementor-widget elementor-widget-image\" data-id=\"24736684\" data-element_type=\"widget\" data-settings=\"{&quot;_transform_scale_effect_hover&quot;:{&quot;unit&quot;:&quot;px&quot;,&quot;size&quot;:1.05,&quot;sizes&quot;:[]},&quot;_animation&quot;:&quot;zoomIn&quot;,&quot;_transform_scale_effect_hover_tablet&quot;:{&quot;unit&quot;:&quot;px&quot;,&quot;size&quot;:&quot;&quot;,&quot;sizes&quot;:[]},&quot;_transform_scale_effect_hover_mobile&quot;:{&quot;unit&quot;:&quot;px&quot;,&quot;size&quot;:&quot;&quot;,&quot;sizes&quot;:[]}}\" data-widget_type=\"image.default\">\n\t\t\t\t<div class=\"elementor-widget-container\">\n\t\t\t\t\t\t\t\t\t\t\t\t\t\t\t<img loading=\"lazy\" decoding=\"async\" width=\"900\" height=\"1300\" src=\"https:\/\/i0.wp.com\/remora-watches.ch\/wp-content\/uploads\/2025\/04\/aventura-04-6.png?fit=900%2C1300&amp;ssl=1\" class=\"attachment-full size-full wp-image-37619\" alt=\"\" srcset=\"https:\/\/i0.wp.com\/remora-watches.ch\/wp-content\/uploads\/2025\/04\/aventura-04-6.png?w=900&amp;ssl=1 900w, https:\/\/i0.wp.com\/remora-watches.ch\/wp-content\/uploads\/2025\/04\/aventura-04-6.png?resize=208%2C300&amp;ssl=1 208w, https:\/\/i0.wp.com\/remora-watches.ch\/wp-content\/uploads\/2025\/04\/aventura-04-6.png?resize=709%2C1024&amp;ssl=1 709w, https:\/\/i0.wp.com\/remora-watches.ch\/wp-content\/uploads\/2025\/04\/aventura-04-6.png?resize=768%2C1109&amp;ssl=1 768w, https:\/\/i0.wp.com\/remora-watches.ch\/wp-content\/uploads\/2025\/04\/aventura-04-6.png?resize=8%2C12&amp;ssl=1 8w, https:\/\/i0.wp.com\/remora-watches.ch\/wp-content\/uploads\/2025\/04\/aventura-04-6.png?resize=300%2C433&amp;ssl=1 300w\" sizes=\"(max-width: 800px) 100vw, 800px\" \/>\t\t\t\t\t\t\t\t\t\t\t\t\t\t\t<\/div>\n\t\t\t\t<\/div>\n\t\t\t\t<div class=\"elementor-element elementor-element-38df2239 elementor-widget elementor-widget-text-editor\" data-id=\"38df2239\" data-element_type=\"widget\" data-widget_type=\"text-editor.default\">\n\t\t\t\t<div class=\"elementor-widget-container\">\n\t\t\t\t\t\t\t\t\t<h4>Aventura 04<\/h4><h5>Automatic<\/h5>\t\t\t\t\t\t\t\t<\/div>\n\t\t\t\t<\/div>\n\t\t\t\t<div class=\"elementor-element elementor-element-701ea813 elementor-align-center animated-fast elementor-invisible elementor-widget elementor-widget-button\" data-id=\"701ea813\" data-element_type=\"widget\" data-settings=\"{&quot;_animation&quot;:&quot;zoomIn&quot;}\" data-widget_type=\"button.default\">\n\t\t\t\t<div class=\"elementor-widget-container\">\n\t\t\t\t\t\t\t\t\t<div class=\"elementor-button-wrapper\">\n\t\t\t\t\t<a class=\"elementor-button elementor-size-sm\" role=\"button\">\n\t\t\t\t\t\t<span class=\"elementor-button-content-wrapper\">\n\t\t\t\t\t\t\t\t\t<span class=\"elementor-button-text\">SOLD OUT<\/span>\n\t\t\t\t\t<\/span>\n\t\t\t\t\t<\/a>\n\t\t\t\t<\/div>\n\t\t\t\t\t\t\t\t<\/div>\n\t\t\t\t<\/div>\n\t\t\t\t\t<\/div>\n\t\t<\/div>\n\t\t\t\t\t<\/div>\n\t\t<\/section>\n\t\t\t\t<section class=\"elementor-section elementor-top-section elementor-element elementor-element-18a8dc9f elementor-section-boxed elementor-section-height-default elementor-section-height-default\" data-id=\"18a8dc9f\" data-element_type=\"section\">\n\t\t\t\t\t\t<div class=\"elementor-container elementor-column-gap-default\">\n\t\t\t\t\t<div class=\"elementor-column elementor-col-100 elementor-top-column elementor-element elementor-element-3aa8a059\" data-id=\"3aa8a059\" data-element_type=\"column\">\n\t\t\t<div class=\"elementor-widget-wrap elementor-element-populated\">\n\t\t\t\t\t\t<div class=\"elementor-element elementor-element-2e41f77d elementor-widget elementor-widget-spacer\" data-id=\"2e41f77d\" data-element_type=\"widget\" data-widget_type=\"spacer.default\">\n\t\t\t\t<div class=\"elementor-widget-container\">\n\t\t\t\t\t\t\t<div class=\"elementor-spacer\">\n\t\t\t<div class=\"elementor-spacer-inner\"><\/div>\n\t\t<\/div>\n\t\t\t\t\t\t<\/div>\n\t\t\t\t<\/div>\n\t\t\t\t\t<\/div>\n\t\t<\/div>\n\t\t\t\t\t<\/div>\n\t\t<\/section>\n\t\t\t\t<section class=\"elementor-section elementor-top-section elementor-element elementor-element-349afdd elementor-section-boxed elementor-section-height-default elementor-section-height-default\" data-id=\"349afdd\" data-element_type=\"section\">\n\t\t\t\t\t\t<div class=\"elementor-container elementor-column-gap-default\">\n\t\t\t\t\t<div class=\"elementor-column elementor-col-100 elementor-top-column elementor-element elementor-element-3511b047\" data-id=\"3511b047\" data-element_type=\"column\">\n\t\t\t<div class=\"elementor-widget-wrap elementor-element-populated\">\n\t\t\t\t\t\t<div class=\"elementor-element elementor-element-3a950697 elementor-widget elementor-widget-heading\" data-id=\"3a950697\" data-element_type=\"widget\" data-widget_type=\"heading.default\">\n\t\t\t\t<div class=\"elementor-widget-container\">\n\t\t\t\t\t<h2 class=\"elementor-heading-title elementor-size-default\">AVENTURA<\/h2>\t\t\t\t<\/div>\n\t\t\t\t<\/div>\n\t\t\t\t\t<\/div>\n\t\t<\/div>\n\t\t\t\t\t<\/div>\n\t\t<\/section>\n\t\t\t\t<section class=\"elementor-section elementor-top-section elementor-element elementor-element-55c16b43 elementor-section-height-min-height elementor-section-boxed elementor-section-height-default elementor-section-items-middle\" data-id=\"55c16b43\" data-element_type=\"section\" data-settings=\"{&quot;animation&quot;:&quot;none&quot;}\">\n\t\t\t\t\t\t<div class=\"elementor-container elementor-column-gap-default\">\n\t\t\t\t\t<div class=\"elementor-column elementor-col-100 elementor-top-column elementor-element elementor-element-7ba325c\" data-id=\"7ba325c\" data-element_type=\"column\">\n\t\t\t<div class=\"elementor-widget-wrap elementor-element-populated\">\n\t\t\t\t\t\t<div class=\"elementor-element elementor-element-e5ecd46 elementor-widget elementor-widget-text-editor\" data-id=\"e5ecd46\" data-element_type=\"widget\" data-widget_type=\"text-editor.default\">\n\t\t\t\t<div class=\"elementor-widget-container\">\n\t\t\t\t\t\t\t\t\t<p style=\"text-align: center;\"><span class=\"css-1jxf684 r-bcqeeo r-1ttztb7 r-qvutc0 r-poiln3 r-b88u0q r-a8ghvy\"><span class=\"css-1jxf684 r-bcqeeo r-1ttztb7 r-qvutc0 r-poiln3\"><span class=\"css-1jxf684 r-bcqeeo r-1ttztb7 r-qvutc0 r-poiln3 r-a8ghvy\">Aventura<\/span><\/span><\/span><span class=\"css-1jxf684 r-bcqeeo r-1ttztb7 r-qvutc0 r-poiln3 r-a8ghvy\"><span class=\"css-1jxf684 r-bcqeeo r-1ttztb7 r-qvutc0 r-poiln3\">, une collection limit\u00e9e de montres uniques qui c\u00e9l\u00e8brent l&rsquo;\u00e9lan de l&rsquo;aventure et l&rsquo;\u00e9l\u00e9gance intemporelle ! Avec leur bo\u00eetier en acier robuste et leurs bracelets vibrants aux couleurs \u00e9clatantes, ces montres sont bien plus qu&rsquo;un accessoire : elles sont une invitation \u00e0 vivre chaque instant avec audace. Chaque pi\u00e8ce, soigneusement con\u00e7ue, allie style audacieux et caract\u00e8re distinctif. <\/span><\/span><\/p><p style=\"text-align: center;\"><span class=\"css-1jxf684 r-bcqeeo r-1ttztb7 r-qvutc0 r-poiln3 r-b88u0q r-a8ghvy\"><span class=\"css-1jxf684 r-bcqeeo r-1ttztb7 r-qvutc0 r-poiln3\"><span class=\"css-1jxf684 r-bcqeeo r-1ttztb7 r-qvutc0 r-poiln3 r-a8ghvy\">Aventura<\/span><\/span><\/span><span class=\"css-1jxf684 r-bcqeeo r-1ttztb7 r-qvutc0 r-poiln3 r-a8ghvy\"><span class=\"css-1jxf684 r-bcqeeo r-1ttztb7 r-qvutc0 r-poiln3\"> est une \u00e9dition exclusive pour ceux qui osent se d\u00e9marquer !<\/span><\/span><\/p>\t\t\t\t\t\t\t\t<\/div>\n\t\t\t\t<\/div>\n\t\t\t\t\t<\/div>\n\t\t<\/div>\n\t\t\t\t\t<\/div>\n\t\t<\/section>\n\t\t\t\t<section class=\"elementor-section elementor-top-section elementor-element elementor-element-731112d0 elementor-section-boxed elementor-section-height-default elementor-section-height-default\" data-id=\"731112d0\" data-element_type=\"section\">\n\t\t\t\t\t\t<div class=\"elementor-container elementor-column-gap-default\">\n\t\t\t\t\t<div class=\"elementor-column elementor-col-100 elementor-top-column elementor-element elementor-element-3592caff\" data-id=\"3592caff\" data-element_type=\"column\">\n\t\t\t<div class=\"elementor-widget-wrap elementor-element-populated\">\n\t\t\t\t\t\t<div class=\"elementor-element elementor-element-5925368f elementor-widget elementor-widget-spacer\" data-id=\"5925368f\" data-element_type=\"widget\" data-widget_type=\"spacer.default\">\n\t\t\t\t<div class=\"elementor-widget-container\">\n\t\t\t\t\t\t\t<div class=\"elementor-spacer\">\n\t\t\t<div class=\"elementor-spacer-inner\"><\/div>\n\t\t<\/div>\n\t\t\t\t\t\t<\/div>\n\t\t\t\t<\/div>\n\t\t\t\t\t<\/div>\n\t\t<\/div>\n\t\t\t\t\t<\/div>\n\t\t<\/section>\n\t\t\t\t<\/div>","protected":false},"excerpt":{"rendered":"<p>Aventura 01 Automatique SOLD OUT Aventura 02 Automatique SOLD OUT Aventura 03 Automatique SOLD OUT Aventura 04 Automatique SOLD OUT AVENTURA Aventura, une collection limit\u00e9e de montres uniques qui c\u00e9l\u00e8brent l&rsquo;\u00e9lan de l&rsquo;aventure et l&rsquo;\u00e9l\u00e9gance intemporelle ! Avec leur bo\u00eetier en acier robuste et leurs bracelets vibrants aux couleurs \u00e9clatantes, ces montres sont bien plus [&hellip;]<\/p>","protected":false},"author":1,"featured_media":0,"parent":0,"menu_order":0,"comment_status":"closed","ping_status":"closed","template":"","meta":{"footnotes":""},"class_list":["post-37484","page","type-page","status-publish","hentry"],"jetpack_sharing_enabled":true,"_links":{"self":[{"href":"https:\/\/remora-watches.ch\/en\/wp-json\/wp\/v2\/pages\/37484","targetHints":{"allow":["GET"]}}],"collection":[{"href":"https:\/\/remora-watches.ch\/en\/wp-json\/wp\/v2\/pages"}],"about":[{"href":"https:\/\/remora-watches.ch\/en\/wp-json\/wp\/v2\/types\/page"}],"author":[{"embeddable":true,"href":"https:\/\/remora-watches.ch\/en\/wp-json\/wp\/v2\/users\/1"}],"replies":[{"embeddable":true,"href":"https:\/\/remora-watches.ch\/en\/wp-json\/wp\/v2\/comments?post=37484"}],"version-history":[{"count":106,"href":"https:\/\/remora-watches.ch\/en\/wp-json\/wp\/v2\/pages\/37484\/revisions"}],"predecessor-version":[{"id":38270,"href":"https:\/\/remora-watches.ch\/en\/wp-json\/wp\/v2\/pages\/37484\/revisions\/38270"}],"wp:attachment":[{"href":"https:\/\/remora-watches.ch\/en\/wp-json\/wp\/v2\/media?parent=37484"}],"curies":[{"name":"wp","href":"https:\/\/api.w.org\/{rel}","templated":true}]}}