{"id":35239,"date":"2024-01-18T10:07:25","date_gmt":"2024-01-18T09:07:25","guid":{"rendered":"https:\/\/remora-watches.ch\/?page_id=35239"},"modified":"2024-01-18T10:17:44","modified_gmt":"2024-01-18T09:17:44","slug":"remboursements_retours","status":"publish","type":"page","link":"https:\/\/remora-watches.ch\/en\/remboursements_retours\/","title":{"rendered":"Politique en mati\u00e8re de remboursements et de retours"},"content":{"rendered":"<div data-elementor-type=\"wp-page\" data-elementor-id=\"35239\" class=\"elementor elementor-35239\" data-elementor-post-type=\"page\">\n\t\t\t\t\t\t<section class=\"elementor-section elementor-top-section elementor-element elementor-element-dcfa739 elementor-section-boxed elementor-section-height-default elementor-section-height-default\" data-id=\"dcfa739\" data-element_type=\"section\">\n\t\t\t\t\t\t<div class=\"elementor-container elementor-column-gap-default\">\n\t\t\t\t\t<div class=\"elementor-column elementor-col-100 elementor-top-column elementor-element elementor-element-9806932\" data-id=\"9806932\" data-element_type=\"column\">\n\t\t\t<div class=\"elementor-widget-wrap elementor-element-populated\">\n\t\t\t\t\t\t<div class=\"elementor-element elementor-element-68c20c4 elementor-widget elementor-widget-spacer\" data-id=\"68c20c4\" data-element_type=\"widget\" data-widget_type=\"spacer.default\">\n\t\t\t\t<div class=\"elementor-widget-container\">\n\t\t\t\t\t\t\t<div class=\"elementor-spacer\">\n\t\t\t<div class=\"elementor-spacer-inner\"><\/div>\n\t\t<\/div>\n\t\t\t\t\t\t<\/div>\n\t\t\t\t<\/div>\n\t\t\t\t\t<\/div>\n\t\t<\/div>\n\t\t\t\t\t<\/div>\n\t\t<\/section>\n\t\t\t\t<section class=\"elementor-section elementor-top-section elementor-element elementor-element-564eb422 elementor-section-boxed elementor-section-height-default elementor-section-height-default\" data-id=\"564eb422\" data-element_type=\"section\">\n\t\t\t\t\t\t<div class=\"elementor-container elementor-column-gap-default\">\n\t\t\t\t\t<div class=\"elementor-column elementor-col-100 elementor-top-column elementor-element elementor-element-1026a37d\" data-id=\"1026a37d\" data-element_type=\"column\">\n\t\t\t<div class=\"elementor-widget-wrap elementor-element-populated\">\n\t\t\t\t\t\t<div class=\"elementor-element elementor-element-705fc1f4 elementor-widget elementor-widget-text-editor\" data-id=\"705fc1f4\" data-element_type=\"widget\" data-widget_type=\"text-editor.default\">\n\t\t\t\t<div class=\"elementor-widget-container\">\n\t\t\t\t\t\t\t\t\t<p><\/p>\n<p>Our return policy lasts 14 days. If 14 days have passed since your purchase, we unfortunately cannot offer you a refund or exchange.<\/p>\n<p>To be eligible for a return, your item must be unused and in the same condition in which you received it. It must also be in its original packaging.<\/p>\n<p>To complete your return, we need a receipt or proof of purchase.<\/p>\n<p><strong>Before returning the product, it is mandatory to first contact\u00a0<\/strong><a href=\"mailto:sales@remora-wtches.ch\" target=\"_blank\" rel=\"noopener\">sales@remora-watches.ch<\/a><strong>\u00a0<\/strong><strong>to clarify shipping details.<\/strong><\/p>\n<h2><strong>\u00a0<\/strong><\/h2>\n<h2><strong>Refunds<\/strong><\/h2>\n<p>Returns: Once your return is received and inspected, we will send you an email to notify you that we have received your returned item. We will also notify you if your refund is approved or rejected.<\/p>\n<p>If your refund is approved, it will be processed and a credit automatically applied to your credit card or original payment method within 14 business days.<\/p>\n<p>Order Cancellations: Your refund will be made by crediting your credit card or original method of payment. All transaction fees will be deducted from the refund.<\/p>\n<h2><strong>\u00a0<\/strong><\/h2>\n<h2><strong>Late or missing refunds<\/strong><\/h2>\n<p>If you haven't received a refund yet, first check your bank account again.<\/p>\n<p>Then contact your credit card company. It may take some time for your refund to be officially posted.<\/p>\n<p>Then contact your bank. There is often a processing time before the refund is posted.<\/p>\n<p>If you have done all of this and still have not received your refund, please contact us at:<\/p>\n<p><strong>sales@remora-watches.ch\u00a0<\/strong><\/p>\n<h2><strong>\u00a0<\/strong><\/h2>\n<h2><strong>Sale items<\/strong><\/h2>\n<p>Only normal priced items can be refunded. Unfortunately, sale items cannot be refunded.<\/p>\n<h2><strong>\u00a0<\/strong><\/h2>\n<h2><strong>Trades<\/strong><\/h2>\n<p>We only replace items if they are faulty or damaged. If you would like to exchange it for the same item, email us at<span class=\"apple-converted-space\"> <strong>sales@remora-watches.ch<\/strong><\/span><\/p>\n<h2><strong>\u00a0<\/strong><\/h2>\n<h2><strong>Shipping<\/strong><\/h2>\n<p>To return your product,<strong>\u00a0it is obligatory to first contact sales@remora-watches.ch<\/strong>\u00a0to clarify shipping details.<\/p>\n<p>Please note that shipping costs for returning the product are your responsibility.\u00a0<\/p>\n<p>You return the watch on your own, and therefore we will refund you the full amount of the product(s).<\/p>\n<p>The delivery time for your exchanged product may vary depending on your location.<\/p>\n<h2><strong>\u00a0<\/strong><\/h2>\n<h2><strong>VAT refund<\/strong><\/h2>\n<p>For customers located outside of Switzerland, France, Austria or Germany,\u00a0REMORA Watches\u00a0refunds the purchase price excluding VAT in the event of a watch being returned. It is the customer's responsibility to obtain a VAT refund. Please contact your local customs for more information.<\/p>\n<p>For customers in Switzerland, Austria, France and Germany, the customer is generally responsible for VAT refund. However,\u00a0REMORA Watches\u00a0can take over the claim if a corresponding power of attorney is issued and pay the full amount to the customer.<\/p>\n<h2><strong>\u00a0<\/strong><\/h2>\n<h2><strong>Guarantee<\/strong><\/h2>\n<p>Before being shipped, all watches are very carefully inspected by\u00a0REMORA Watches\u00a0quality control to ensure they are in perfect working order and meet the highest quality standards.<\/p>\n<p>All watches offered for sale on this site are covered by the 24-month international warranty of\u00a0REMORA Watches\u00a0against any manufacturing defects.<\/p>\n<p>If your watch meets the warranty criteria listed here, claims may be processed.\u00a0<strong>If your watch meets the warranty criteria listed here, claims may be processed.<\/strong><span class=\"apple-converted-space\"><b>\u00a0:\u00a0<\/b><\/span><a href=\"mailto:sales@remora-watches.ch\" target=\"_blank\" rel=\"noopener\">sales@remora-watches.ch<\/a><strong>\u00a0and describe the problems with your watch.<\/strong><\/p>\n<p>Warranty claims are only considered if you provide valid proof of purchase. The following documents will be accepted as proof of purchase: An official warranty card, the original receipt or delivery document, a bank or credit card payment slip.<\/p>\n<p>Crystals, bracelets and buckles are warranted against manufacturing defects only, and not against excessive force, improper handling or normal wear and tear. Warranty claims are not valid in the following cases: i) damage related to transport and delivery, ii) damage related to normal wear and use, iii) damage due to humidity, iv) damage related to mistreatment not in accordance with the user manual, v) damage related to unauthorized service or repair.<\/p>\n<p><\/p>\t\t\t\t\t\t\t\t<\/div>\n\t\t\t\t<\/div>\n\t\t\t\t\t<\/div>\n\t\t<\/div>\n\t\t\t\t\t<\/div>\n\t\t<\/section>\n\t\t\t\t<section class=\"elementor-section elementor-top-section elementor-element elementor-element-58416b5 elementor-section-boxed elementor-section-height-default elementor-section-height-default\" data-id=\"58416b5\" data-element_type=\"section\">\n\t\t\t\t\t\t<div class=\"elementor-container elementor-column-gap-default\">\n\t\t\t\t\t<div class=\"elementor-column elementor-col-100 elementor-top-column elementor-element elementor-element-c79cb85\" data-id=\"c79cb85\" data-element_type=\"column\">\n\t\t\t<div class=\"elementor-widget-wrap elementor-element-populated\">\n\t\t\t\t\t\t<div class=\"elementor-element elementor-element-2639a4b elementor-widget elementor-widget-spacer\" data-id=\"2639a4b\" data-element_type=\"widget\" data-widget_type=\"spacer.default\">\n\t\t\t\t<div class=\"elementor-widget-container\">\n\t\t\t\t\t\t\t<div class=\"elementor-spacer\">\n\t\t\t<div class=\"elementor-spacer-inner\"><\/div>\n\t\t<\/div>\n\t\t\t\t\t\t<\/div>\n\t\t\t\t<\/div>\n\t\t\t\t\t<\/div>\n\t\t<\/div>\n\t\t\t\t\t<\/div>\n\t\t<\/section>\n\t\t\t\t<\/div>","protected":false},"excerpt":{"rendered":"<p>Notre politique de retour dure 14 jours. Si 14 jours se sont \u00e9coul\u00e9s depuis votre achat, nous ne pouvons malheureusement pas vous proposer un remboursement ou un \u00e9change. Pour \u00eatre \u00e9ligible \u00e0 un retour, votre article doit \u00eatre inutilis\u00e9 et dans le m\u00eame \u00e9tat que celui dans lequel vous l\u2019avez re\u00e7u. Il doit \u00e9galement \u00eatre [&hellip;]<\/p>","protected":false},"author":1,"featured_media":0,"parent":0,"menu_order":0,"comment_status":"closed","ping_status":"closed","template":"","meta":{"footnotes":""},"class_list":["post-35239","page","type-page","status-publish","hentry"],"jetpack_sharing_enabled":true,"_links":{"self":[{"href":"https:\/\/remora-watches.ch\/en\/wp-json\/wp\/v2\/pages\/35239","targetHints":{"allow":["GET"]}}],"collection":[{"href":"https:\/\/remora-watches.ch\/en\/wp-json\/wp\/v2\/pages"}],"about":[{"href":"https:\/\/remora-watches.ch\/en\/wp-json\/wp\/v2\/types\/page"}],"author":[{"embeddable":true,"href":"https:\/\/remora-watches.ch\/en\/wp-json\/wp\/v2\/users\/1"}],"replies":[{"embeddable":true,"href":"https:\/\/remora-watches.ch\/en\/wp-json\/wp\/v2\/comments?post=35239"}],"version-history":[{"count":10,"href":"https:\/\/remora-watches.ch\/en\/wp-json\/wp\/v2\/pages\/35239\/revisions"}],"predecessor-version":[{"id":35344,"href":"https:\/\/remora-watches.ch\/en\/wp-json\/wp\/v2\/pages\/35239\/revisions\/35344"}],"wp:attachment":[{"href":"https:\/\/remora-watches.ch\/en\/wp-json\/wp\/v2\/media?parent=35239"}],"curies":[{"name":"wp","href":"https:\/\/api.w.org\/{rel}","templated":true}]}}